{"id":17,"date":"2019-02-15T10:02:16","date_gmt":"2019-02-15T09:02:16","guid":{"rendered":"http:\/\/qiwi-conseil.fr\/?page_id=17"},"modified":"2019-04-02T12:53:15","modified_gmt":"2019-04-02T10:53:15","slug":"a-propos-de","status":"publish","type":"page","link":"https:\/\/qiwi-conseil.fr\/index.php\/a-propos-de\/","title":{"rendered":"\u00c0 propos de"},"content":{"rendered":"<h2>QIWI Conseil<\/h2>\n<p>QIWI Conseil est le fruit d\u2019une conviction profonde : la r\u00e9ussite d\u2019un projet tient \u00e0 son \u00ab\u00a0op\u00e9rationnalit\u00e9\u00a0\u00bb.<\/p>\n<p>Afin de rompre avec des syst\u00e8mes de management des Ressources humaines trop complexes, consommateurs de ressources et peu exploitables, QIWI Conseil propose aux entreprises des solutions 100% op\u00e9rationnelles, adapt\u00e9es aux besoins sp\u00e9cifiques de chaque organisation et optimisatrices de ressources.<\/p>\n<p>L\u2019ambition de QIWI Conseil est de vous faire oublier le syst\u00e8me et placer les hommes et les femmes de votre entreprise au centre de votre d\u00e9marche comp\u00e9tence.<\/p>\n<h2>A propos de son fondateur<\/h2>\n<p>Depuis plus de 10 ans, Cl\u00e9ment MONNIER, est un acteur engag\u00e9 des ressources humaines sur des postes de Responsable et Directeur des ressources humaines o\u00f9 il a notamment d\u00e9velopp\u00e9 des syst\u00e8mes avanc\u00e9s et sur-mesure de management des ressources humaines et des comp\u00e9tences.<\/p>\n<p>Dipl\u00f4m\u00e9 d\u2019un DEA en droit social, d\u2019un Master en Management des entreprises et d\u2019un MBA en Management des ressources humaines, Cl\u00e9ment MONNIER mobilise l\u2019ensemble de ses comp\u00e9tences pour vous accompagner dans le d\u00e9veloppement de vos syst\u00e8mes de management des Ressources humaines.<\/p>\n","protected":false},"excerpt":{"rendered":"<p>QIWI Conseil QIWI Conseil est le fruit d\u2019une conviction profonde : la r\u00e9ussite d\u2019un projet tient \u00e0 son \u00ab\u00a0op\u00e9rationnalit\u00e9\u00a0\u00bb. Afin de rompre avec des syst\u00e8mes de management des Ressources humaines trop complexes, consommateurs de ressources et peu exploitables, QIWI Conseil propose aux entreprises des solutions 100% op\u00e9rationnelles, adapt\u00e9es aux besoins sp\u00e9cifiques de chaque organisation et &hellip; <\/p>\n<p class=\"link-more\"><a href=\"https:\/\/qiwi-conseil.fr\/index.php\/a-propos-de\/\" class=\"more-link\">Continuer la lecture<span class=\"screen-reader-text\"> de &laquo;&nbsp;\u00c0 propos de&nbsp;&raquo;<\/span><\/a><\/p>\n","protected":false},"author":1,"featured_media":0,"parent":0,"menu_order":0,"comment_status":"closed","ping_status":"closed","template":"","meta":{"footnotes":""},"class_list":["post-17","page","type-page","status-publish","hentry"],"_links":{"self":[{"href":"https:\/\/qiwi-conseil.fr\/index.php\/wp-json\/wp\/v2\/pages\/17","targetHints":{"allow":["GET"]}}],"collection":[{"href":"https:\/\/qiwi-conseil.fr\/index.php\/wp-json\/wp\/v2\/pages"}],"about":[{"href":"https:\/\/qiwi-conseil.fr\/index.php\/wp-json\/wp\/v2\/types\/page"}],"author":[{"embeddable":true,"href":"https:\/\/qiwi-conseil.fr\/index.php\/wp-json\/wp\/v2\/users\/1"}],"replies":[{"embeddable":true,"href":"https:\/\/qiwi-conseil.fr\/index.php\/wp-json\/wp\/v2\/comments?post=17"}],"version-history":[{"count":3,"href":"https:\/\/qiwi-conseil.fr\/index.php\/wp-json\/wp\/v2\/pages\/17\/revisions"}],"predecessor-version":[{"id":53,"href":"https:\/\/qiwi-conseil.fr\/index.php\/wp-json\/wp\/v2\/pages\/17\/revisions\/53"}],"wp:attachment":[{"href":"https:\/\/qiwi-conseil.fr\/index.php\/wp-json\/wp\/v2\/media?parent=17"}],"curies":[{"name":"wp","href":"https:\/\/api.w.org\/{rel}","templated":true}]}}