{"id":16,"date":"2019-02-15T10:02:16","date_gmt":"2019-02-15T09:02:16","guid":{"rendered":"http:\/\/qiwi-conseil.fr\/?page_id=16"},"modified":"2019-04-02T15:07:53","modified_gmt":"2019-04-02T13:07:53","slug":"accueil","status":"publish","type":"page","link":"https:\/\/qiwi-conseil.fr\/","title":{"rendered":"Accueil"},"content":{"rendered":"\n<p><strong>QIWI<\/strong> <b>Conseil<\/b> propose un accompagnement sur deux axes \u00e0 la fois compl\u00e9mentaires et ind\u00e9pendants dans le d\u00e9veloppement du management de vos ressources humaines :<\/p>\n\n\n\n<ul class=\"wp-block-list\"><li><strong>Conseil et diagnostic<\/strong> en management des ressources humaines<\/li><li>D\u00e9veloppement d\u2019<strong>apps personnalis\u00e9es<\/strong> 100% adapt\u00e9es aux besoins<\/li><\/ul>\n\n\n\n<h2 class=\"wp-block-heading\">Conseil et diagnostic en management des ressources humaines<\/h2>\n\n\n\n<p><strong> QIWI<\/strong> <b>Conseil<\/b> vous accompagne dans la <strong>conception et la formalisation de votre syst\u00e8me de management des comp\u00e9tences et des talents<\/strong>.<\/p>\n\n\n\n<p>La d\u00e9marche <strong>QIWI<\/strong> <b>Conseil<\/b>, <strong>c\u2019est partir de qui vous \u00eates<\/strong>, de vos valeurs, de vos ambitions et de vos contraintes pour construire un syst\u00e8me de management des comp\u00e9tences <strong>qui r\u00e9ponde parfaitement \u00e0 vos attentes<\/strong>, participe \u00e0 la <strong>r\u00e9alisation de vos objectifs<\/strong> strat\u00e9giques et <strong>place vos collaborateurs au centre<\/strong>.<\/p>\n\n\n\n<p>Cette <strong>d\u00e9marche comp\u00e9tences sur-mesure<\/strong> est \u00e9paul\u00e9e d\u2019un outil digital 100% op\u00e9rationnel, votre app personnalis\u00e9e.<\/p>\n\n\n\n<h2 class=\"wp-block-heading\">Des app personnalis\u00e9es 100% adapt\u00e9es \u00e0 vos besoins<\/h2>\n\n\n\n<p>Il ne saurait y avoir de management des comp\u00e9tences efficace sans un <strong>outil adapt\u00e9 qui r\u00e9ponde \u00e0 l\u2019ensemble de vos besoins<\/strong>.<\/p>\n\n\n\n<p>Cet outil doit \u00eatre <strong>simple<\/strong>, <strong>puissant<\/strong>, <strong>digital<\/strong> et vous <strong>faciliter la vie<\/strong> en vous permettant de <strong>vous concentrer sur l\u2019essentiel<\/strong> : vos collaborateurs.<\/p>\n\n\n\n<p><strong>QIWI<\/strong> <b>Conseil<\/b> d\u00e9veloppe sous <a href=\"http:\/\/www.filemaker.fr\/\">FileMaker<\/a><sup>\u00ae<\/sup> des <strong>apps personnalis\u00e9es sur-mesure<\/strong> pour rendre <strong>parfaitement op\u00e9rationnelle votre d\u00e9marche comp\u00e9tences<\/strong> et en y int\u00e9grant d\u00e8s sa conception l\u2019ensemble de vos exigences strat\u00e9giques et organisationnelles<\/p>\n","protected":false},"excerpt":{"rendered":"<p>QIWI Conseil propose un accompagnement sur deux axes \u00e0 la fois compl\u00e9mentaires et ind\u00e9pendants dans le d\u00e9veloppement du management de vos ressources humaines : Conseil et diagnostic en management des ressources humaines D\u00e9veloppement d\u2019apps personnalis\u00e9es 100% adapt\u00e9es aux besoins Conseil et diagnostic en management des ressources humaines QIWI Conseil vous accompagne dans la conception et &hellip; <\/p>\n<p class=\"link-more\"><a href=\"https:\/\/qiwi-conseil.fr\/\" class=\"more-link\">Continuer la lecture<span class=\"screen-reader-text\"> de &laquo;&nbsp;Accueil&nbsp;&raquo;<\/span><\/a><\/p>\n","protected":false},"author":1,"featured_media":0,"parent":0,"menu_order":0,"comment_status":"closed","ping_status":"closed","template":"","meta":{"footnotes":""},"class_list":["post-16","page","type-page","status-publish","hentry"],"_links":{"self":[{"href":"https:\/\/qiwi-conseil.fr\/index.php\/wp-json\/wp\/v2\/pages\/16","targetHints":{"allow":["GET"]}}],"collection":[{"href":"https:\/\/qiwi-conseil.fr\/index.php\/wp-json\/wp\/v2\/pages"}],"about":[{"href":"https:\/\/qiwi-conseil.fr\/index.php\/wp-json\/wp\/v2\/types\/page"}],"author":[{"embeddable":true,"href":"https:\/\/qiwi-conseil.fr\/index.php\/wp-json\/wp\/v2\/users\/1"}],"replies":[{"embeddable":true,"href":"https:\/\/qiwi-conseil.fr\/index.php\/wp-json\/wp\/v2\/comments?post=16"}],"version-history":[{"count":5,"href":"https:\/\/qiwi-conseil.fr\/index.php\/wp-json\/wp\/v2\/pages\/16\/revisions"}],"predecessor-version":[{"id":58,"href":"https:\/\/qiwi-conseil.fr\/index.php\/wp-json\/wp\/v2\/pages\/16\/revisions\/58"}],"wp:attachment":[{"href":"https:\/\/qiwi-conseil.fr\/index.php\/wp-json\/wp\/v2\/media?parent=16"}],"curies":[{"name":"wp","href":"https:\/\/api.w.org\/{rel}","templated":true}]}}